{"id":1263,"date":"2022-12-08T21:34:23","date_gmt":"2022-12-08T21:34:23","guid":{"rendered":"https:\/\/www.virtualskills.eu\/vibes-company-engagement\/"},"modified":"2023-02-05T14:20:39","modified_gmt":"2023-02-05T14:20:39","slug":"vibes-suradnja-s-poslovnim-sektorom","status":"publish","type":"page","link":"https:\/\/www.virtualskills.eu\/hr\/vibes-suradnja-s-poslovnim-sektorom\/","title":{"rendered":"VIBES suradnja s poslovnim sektorom"},"content":{"rendered":"<section class=\"wpb-content-wrapper\"><p>[vc_row css_animation=&#8221;&#8221; row_type=&#8221;row&#8221; use_row_as_full_screen_section=&#8221;no&#8221; type=&#8221;grid&#8221; angled_section=&#8221;no&#8221; text_align=&#8221;left&#8221; background_image_as_pattern=&#8221;without_pattern&#8221; css=&#8221;.vc_custom_1477990979174{padding-top: 30px !important;padding-bottom: 30px !important;background-color: #ffffff !important;}&#8221;][vc_column width=&#8221;1\/3&#8243;][vc_single_image image=&#8221;553&#8243; img_size=&#8221;&#8221; alignment=&#8221;center&#8221; qode_css_animation=&#8221;&#8221;][\/vc_column][vc_column width=&#8221;1\/3&#8243;][\/vc_column][vc_column width=&#8221;1\/3&#8243;][\/vc_column][\/vc_row][vc_row css_animation=&#8221;&#8221; row_type=&#8221;row&#8221; use_row_as_full_screen_section=&#8221;no&#8221; type=&#8221;grid&#8221; angled_section=&#8221;no&#8221; text_align=&#8221;left&#8221; background_image_as_pattern=&#8221;without_pattern&#8221; css=&#8221;.vc_custom_1477990979174{padding-top: 30px !important;padding-bottom: 30px !important;background-color: #ffffff !important;}&#8221;][vc_column][vc_column_text]<\/p>\n<div id=\"comp-kohojt6o\" class=\"_1Q9if _3bcaz\" data-testid=\"richTextElement\">\n<div id=\"comp-kohonn0i1\" class=\"_1Q9if _3bcaz\" data-testid=\"richTextElement\">\n<div id=\"comp-kohp0dri2\" class=\"_1Q9if _3bcaz\" data-testid=\"richTextElement\">\n<div id=\"comp-kohp6qxk2\" class=\"_1Q9if _3bcaz\" data-testid=\"richTextElement\">\n<div id=\"comp-kohqko6d4\" class=\"_1Q9if _3bcaz\" data-testid=\"richTextElement\">Prvi dio aktivnosti obuke odvijat \u0107e se u okviru redovnih aktivnosti visokih u\u010dili\u0161ta uklju\u010denih u VIBES. Uspostavit \u0107e se veze s poslovnim svijetom kako bi se dovela relevantna poduze\u0107a i profesionalci koji \u0107e se baviti coachingom. Testiranje i provjera valjanosti rezultata\u00a0 VIBES-a omogu\u0107it \u0107e kona\u010dno fino pode\u0161avanje njegovog sadr\u017eaja uz pru\u017eanje ciljanih mogu\u0107nosti virtualnog timskog rada prvoj skupini primatelja (studentima i u\u010denicima). U nastavku \u0107e se izraditi smjernice i upute za primjenu ne samo njegovog sadr\u017eaja, ve\u0107 i relevantnije, njegove metodologije od strane onih prakti\u010dara koji su zainteresirani za razvoj vlastitog obrazovnog sadr\u017eaja i za izgradnju iste vrste vje\u0161tina. Svi ovi materijali bit \u0107e besplatno dostupni na platformi VIBES OER. Na ovaj na\u010din VIBES pru\u017ea pionirsko paneuropsko me\u0111ukulturalno osposobljavanje sposobnosti virtualnog timskog rada i pru\u017eanje besplatno dostupnih sadr\u017eaja za pro\u0161irenje takvih sadr\u017eaja obrazovanja\/obuke u razli\u010ditim \u0161kolskim i poslovnim kontekstima. To ne samo da \u0107e omogu\u0107iti pode\u0161avanje stvorenog sadr\u017eaja, ve\u0107 \u0107e tako\u0111er po prvi put pru\u017eiti potpuno prenosive materijale za primjenu i stvaranje sadr\u017eaja u jednom od nedovoljno opslu\u017eenih podru\u010dja s jasnom potrebom za intervencijom<\/div>\n<\/div>\n<\/div>\n<\/div>\n<\/div>\n<p>[\/vc_column_text][\/vc_column][\/vc_row][vc_row css_animation=&#8221;&#8221; row_type=&#8221;row&#8221; use_row_as_full_screen_section=&#8221;no&#8221; type=&#8221;full_width&#8221; angled_section=&#8221;no&#8221; text_align=&#8221;left&#8221; background_image_as_pattern=&#8221;without_pattern&#8221;][vc_column][\/vc_column][\/vc_row]<\/p>\n<\/section>","protected":false},"excerpt":{"rendered":"<p>[vc_row css_animation=&#8221;&#8221; row_type=&#8221;row&#8221; use_row_as_full_screen_section=&#8221;no&#8221; type=&#8221;grid&#8221; angled_section=&#8221;no&#8221; text_align=&#8221;left&#8221; background_image_as_pattern=&#8221;without_pattern&#8221; css=&#8221;.vc_custom_1477990979174{padding-top: 30px !important;padding-bottom: 30px !important;background-color: #ffffff !important;}&#8221;][vc_column width=&#8221;1\/3&#8243;][vc_single_image image=&#8221;553&#8243; img_size=&#8221;&#8221; alignment=&#8221;center&#8221; qode_css_animation=&#8221;&#8221;][\/vc_column][vc_column width=&#8221;1\/3&#8243;][\/vc_column][vc_column width=&#8221;1\/3&#8243;][\/vc_column][\/vc_row][vc_row css_animation=&#8221;&#8221; row_type=&#8221;row&#8221; use_row_as_full_screen_section=&#8221;no&#8221; type=&#8221;grid&#8221; angled_section=&#8221;no&#8221; text_align=&#8221;left&#8221; background_image_as_pattern=&#8221;without_pattern&#8221; css=&#8221;.vc_custom_1477990979174{padding-top: 30px !important;padding-bottom: 30px !important;background-color: #ffffff !important;}&#8221;][vc_column][vc_column_text] Prvi dio aktivnosti obuke odvijat \u0107e se u okviru&#8230;<\/p>\n","protected":false},"author":1,"featured_media":0,"parent":0,"menu_order":0,"comment_status":"closed","ping_status":"closed","template":"full_width.php","meta":{"footnotes":""},"class_list":["post-1263","page","type-page","status-publish","hentry"],"_links":{"self":[{"href":"https:\/\/www.virtualskills.eu\/hr\/wp-json\/wp\/v2\/pages\/1263","targetHints":{"allow":["GET"]}}],"collection":[{"href":"https:\/\/www.virtualskills.eu\/hr\/wp-json\/wp\/v2\/pages"}],"about":[{"href":"https:\/\/www.virtualskills.eu\/hr\/wp-json\/wp\/v2\/types\/page"}],"author":[{"embeddable":true,"href":"https:\/\/www.virtualskills.eu\/hr\/wp-json\/wp\/v2\/users\/1"}],"replies":[{"embeddable":true,"href":"https:\/\/www.virtualskills.eu\/hr\/wp-json\/wp\/v2\/comments?post=1263"}],"version-history":[{"count":2,"href":"https:\/\/www.virtualskills.eu\/hr\/wp-json\/wp\/v2\/pages\/1263\/revisions"}],"predecessor-version":[{"id":1265,"href":"https:\/\/www.virtualskills.eu\/hr\/wp-json\/wp\/v2\/pages\/1263\/revisions\/1265"}],"wp:attachment":[{"href":"https:\/\/www.virtualskills.eu\/hr\/wp-json\/wp\/v2\/media?parent=1263"}],"curies":[{"name":"wp","href":"https:\/\/api.w.org\/{rel}","templated":true}]}}