{"id":1267,"date":"2022-12-08T21:33:36","date_gmt":"2022-12-08T21:33:36","guid":{"rendered":"https:\/\/www.virtualskills.eu\/vibes-content-development\/"},"modified":"2023-02-05T14:22:45","modified_gmt":"2023-02-05T14:22:45","slug":"razvoj-vibes-sadrzaja","status":"publish","type":"page","link":"https:\/\/www.virtualskills.eu\/hr\/razvoj-vibes-sadrzaja\/","title":{"rendered":"Razvoj VIBES sadr\u017eaja"},"content":{"rendered":"<section class=\"wpb-content-wrapper\"><p>[vc_row css_animation=&#8221;&#8221; row_type=&#8221;row&#8221; use_row_as_full_screen_section=&#8221;no&#8221; type=&#8221;grid&#8221; angled_section=&#8221;no&#8221; text_align=&#8221;left&#8221; background_image_as_pattern=&#8221;without_pattern&#8221; css=&#8221;.vc_custom_1477990979174{padding-top: 30px !important;padding-bottom: 30px !important;background-color: #ffffff !important;}&#8221;][vc_column width=&#8221;1\/3&#8243;][vc_single_image image=&#8221;553&#8243; img_size=&#8221;&#8221; alignment=&#8221;center&#8221; qode_css_animation=&#8221;&#8221;][\/vc_column][vc_column width=&#8221;1\/3&#8243;][\/vc_column][vc_column width=&#8221;1\/3&#8243;][\/vc_column][\/vc_row][vc_row css_animation=&#8221;&#8221; row_type=&#8221;row&#8221; use_row_as_full_screen_section=&#8221;no&#8221; type=&#8221;grid&#8221; angled_section=&#8221;no&#8221; text_align=&#8221;left&#8221; background_image_as_pattern=&#8221;without_pattern&#8221; css=&#8221;.vc_custom_1477990979174{padding-top: 30px !important;padding-bottom: 30px !important;background-color: #ffffff !important;}&#8221;][vc_column][vc_column_text]<\/p>\n<div id=\"comp-kohojt6o\" class=\"_1Q9if _3bcaz\" data-testid=\"richTextElement\">\n<div id=\"comp-kohonn0i1\" class=\"_1Q9if _3bcaz\" data-testid=\"richTextElement\">\n<div id=\"comp-kohp0dri2\" class=\"_1Q9if _3bcaz\" data-testid=\"richTextElement\">\n<div id=\"comp-kohp6qxk2\" class=\"_1Q9if _3bcaz\" data-testid=\"richTextElement\">\n<div id=\"comp-kohqko6d4\" class=\"_1Q9if _3bcaz\" data-testid=\"richTextElement\">\n<div id=\"comp-kohr95q3\" class=\"_1Q9if _3bcaz\" data-testid=\"richTextElement\">\n<p>VIBES razvija preporu\u010dene vje\u0161tine za rad u multikulturalnim virtualnim timovima stvaranjem obrazovnog sadr\u017eaja i procesa koji se mogu prilagoditi razli\u010ditim razinama dionika u razli\u010ditim kontekstima. Ovaj pristup podr\u017eava stvaranje i razvoj niza modula ili procesa koji se mogu koristiti kao prototipovi i testirati u suradnji s na\u0161im partnerskim organizacijama. Zajedni\u010dkim stvaranjem materijala i suradnjom tri razine obrazovnih institucija (profesionalci iz srednjih \u0161kola, preddiplomskih i diplomskih studija) nastojimo stvoriti logi\u010dan razvojni put unutar okru\u017eenja za u\u010denje koji podr\u017eava individualno u\u010denje, ali tako\u0111er podr\u017eava interakciju razli\u010ditosti virtualnih timova izme\u0111u ovih razina. Ova vrsta interakcije odra\u017eava stvarnu raznolikost prethodnih obrazovnih iskustava i mo\u017ee se prilagoditi za podr\u0161ku razli\u010ditim vrstama iskustava u\u010denja i ciljeva.<\/p>\n<p>&nbsp;<\/p>\n<p>Razvit \u0107emo modularni sustavni pristup za podr\u0161ku implementaciji i budu\u0107oj modifikaciji ovih modula multikulturalnih virtualnih timova kao dio ciljeva otvorenog pristupa programa Erasmus+, tako da druge obrazovne ustanove mogu koristiti ove module i pro\u0161iriti njihovu upotrebu u drugim situacijama online poslovne obuke. Problemi stvaranja virtualne organizacije za rje\u0161avanje ovih izazova nov su pristup jer je povezan s na\u010dinom na koji na\u0161i digitalno svjesniji studenti razumiju kako uskladiti i mobilizirati svijest.<\/p>\n<p>&nbsp;<\/p>\n<p>Kreirao bi se niz te\u010dajeva ili modula koji bi se testirali i prilagodili kako bi se stvorio konkretniji proces. Ovi te\u010dajevi ne bi bili namijenjeni stvaranju novog osnovnog poslovnog priru\u010dnika, ve\u0107 integraciji i razvoju kreativnog i kriti\u010dkog razmi\u0161ljanja studenata kako bi razumjeli kako pokrenuti poslovni koncept i razviti ga u potencijalno testirana podru\u010dja koja \u0107e se pilotirati u razli\u010ditim zemljama partnera. Ovi moduli multikulturalnih virtualnih timova uklju\u010divat \u0107e razli\u010dite uloge i ciljeve kako bi razli\u010diti korisnici mogli cijeniti razlike u perspektivama, ciljevima i ishodima dolaskom u problemske prostore iz druge uloge ili perspektive, \u010dime se pove\u0107ava svijest o tome kako razli\u010ditost izravno utje\u010de na te\u0161ke ishode procesa, ali \u0161to je jo\u0161 va\u017enije, meke vje\u0161tine potrebne za uspje\u0161nu navigaciju virtualnim okru\u017eenjima.<\/p>\n<\/div>\n<\/div>\n<\/div>\n<\/div>\n<\/div>\n<\/div>\n<p>[\/vc_column_text][\/vc_column][\/vc_row][vc_row css_animation=&#8221;&#8221; row_type=&#8221;row&#8221; use_row_as_full_screen_section=&#8221;no&#8221; type=&#8221;full_width&#8221; angled_section=&#8221;no&#8221; text_align=&#8221;left&#8221; background_image_as_pattern=&#8221;without_pattern&#8221;][vc_column][\/vc_column][\/vc_row]<\/p>\n<\/section>","protected":false},"excerpt":{"rendered":"<p>[vc_row css_animation=&#8221;&#8221; row_type=&#8221;row&#8221; use_row_as_full_screen_section=&#8221;no&#8221; type=&#8221;grid&#8221; angled_section=&#8221;no&#8221; text_align=&#8221;left&#8221; background_image_as_pattern=&#8221;without_pattern&#8221; css=&#8221;.vc_custom_1477990979174{padding-top: 30px !important;padding-bottom: 30px !important;background-color: #ffffff !important;}&#8221;][vc_column width=&#8221;1\/3&#8243;][vc_single_image image=&#8221;553&#8243; img_size=&#8221;&#8221; alignment=&#8221;center&#8221; qode_css_animation=&#8221;&#8221;][\/vc_column][vc_column width=&#8221;1\/3&#8243;][\/vc_column][vc_column width=&#8221;1\/3&#8243;][\/vc_column][\/vc_row][vc_row css_animation=&#8221;&#8221; row_type=&#8221;row&#8221; use_row_as_full_screen_section=&#8221;no&#8221; type=&#8221;grid&#8221; angled_section=&#8221;no&#8221; text_align=&#8221;left&#8221; background_image_as_pattern=&#8221;without_pattern&#8221; css=&#8221;.vc_custom_1477990979174{padding-top: 30px !important;padding-bottom: 30px !important;background-color: #ffffff !important;}&#8221;][vc_column][vc_column_text] VIBES razvija preporu\u010dene vje\u0161tine za rad u multikulturalnim virtualnim&#8230;<\/p>\n","protected":false},"author":1,"featured_media":0,"parent":0,"menu_order":0,"comment_status":"closed","ping_status":"closed","template":"full_width.php","meta":{"footnotes":""},"class_list":["post-1267","page","type-page","status-publish","hentry"],"_links":{"self":[{"href":"https:\/\/www.virtualskills.eu\/hr\/wp-json\/wp\/v2\/pages\/1267","targetHints":{"allow":["GET"]}}],"collection":[{"href":"https:\/\/www.virtualskills.eu\/hr\/wp-json\/wp\/v2\/pages"}],"about":[{"href":"https:\/\/www.virtualskills.eu\/hr\/wp-json\/wp\/v2\/types\/page"}],"author":[{"embeddable":true,"href":"https:\/\/www.virtualskills.eu\/hr\/wp-json\/wp\/v2\/users\/1"}],"replies":[{"embeddable":true,"href":"https:\/\/www.virtualskills.eu\/hr\/wp-json\/wp\/v2\/comments?post=1267"}],"version-history":[{"count":2,"href":"https:\/\/www.virtualskills.eu\/hr\/wp-json\/wp\/v2\/pages\/1267\/revisions"}],"predecessor-version":[{"id":1269,"href":"https:\/\/www.virtualskills.eu\/hr\/wp-json\/wp\/v2\/pages\/1267\/revisions\/1269"}],"wp:attachment":[{"href":"https:\/\/www.virtualskills.eu\/hr\/wp-json\/wp\/v2\/media?parent=1267"}],"curies":[{"name":"wp","href":"https:\/\/api.w.org\/{rel}","templated":true}]}}