{"id":1271,"date":"2022-12-08T21:31:01","date_gmt":"2022-12-08T21:31:01","guid":{"rendered":"https:\/\/www.virtualskills.eu\/vibes-collaborative-platform\/"},"modified":"2023-02-05T14:27:35","modified_gmt":"2023-02-05T14:27:35","slug":"vibes-platforma-za-suradnju","status":"publish","type":"page","link":"https:\/\/www.virtualskills.eu\/hr\/vibes-platforma-za-suradnju\/","title":{"rendered":"VIBES platforma za suradnju"},"content":{"rendered":"<section class=\"wpb-content-wrapper\"><p>[vc_row css_animation=&#8221;&#8221; row_type=&#8221;row&#8221; use_row_as_full_screen_section=&#8221;no&#8221; type=&#8221;grid&#8221; angled_section=&#8221;no&#8221; text_align=&#8221;left&#8221; background_image_as_pattern=&#8221;without_pattern&#8221; css=&#8221;.vc_custom_1477990979174{padding-top: 30px !important;padding-bottom: 30px !important;background-color: #ffffff !important;}&#8221;][vc_column width=&#8221;1\/3&#8243;][vc_single_image image=&#8221;553&#8243; img_size=&#8221;&#8221; alignment=&#8221;center&#8221; qode_css_animation=&#8221;&#8221;][\/vc_column][vc_column width=&#8221;1\/3&#8243;][\/vc_column][vc_column width=&#8221;1\/3&#8243;][\/vc_column][\/vc_row][vc_row css_animation=&#8221;&#8221; row_type=&#8221;row&#8221; use_row_as_full_screen_section=&#8221;no&#8221; type=&#8221;grid&#8221; angled_section=&#8221;no&#8221; text_align=&#8221;left&#8221; background_image_as_pattern=&#8221;without_pattern&#8221; css=&#8221;.vc_custom_1477990979174{padding-top: 30px !important;padding-bottom: 30px !important;background-color: #ffffff !important;}&#8221;][vc_column][vc_column_text]<\/p>\n<div id=\"comp-kohojt6o\" class=\"_1Q9if _3bcaz\" data-testid=\"richTextElement\">\n<div id=\"comp-kohonn0i1\" class=\"_1Q9if _3bcaz\" data-testid=\"richTextElement\">\n<div id=\"comp-kohp0dri2\" class=\"_1Q9if _3bcaz\" data-testid=\"richTextElement\">\n<div id=\"comp-kohp6qxk2\" class=\"_1Q9if _3bcaz\" data-testid=\"richTextElement\">\n<div id=\"comp-kohqko6d4\" class=\"_1Q9if _3bcaz\" data-testid=\"richTextElement\">\n<div id=\"comp-kohr95q3\" class=\"_1Q9if _3bcaz\" data-testid=\"richTextElement\">\n<div id=\"comp-kohrnryd2\" class=\"_1Q9if _3bcaz\" data-testid=\"richTextElement\">\n<p>Platforma \u0107e biti dizajnirana kao platforma otvorenih obrazovnih resursa, digitalno sredi\u0161te u\u010denja o virtualnim vje\u0161tinama. Zami\u0161ljena je kao organizacija za u\u010denje koja uklju\u010duje i tre\u0107e strane zainteresirane za unapre\u0111enje svojih virtualnih digitalnih vje\u0161tina kroz razmjenu agilnih resursa za u\u010denje. Sadr\u017eaj platforme uklju\u010duje voditelje projekta u obliku poziva na natje\u010daje (\u201cstvarni problemi\u201d i izazovi unutar i izvan institucija), resurse znanja podijeljene po temama, ponudu studentskih izazova, bazu podataka potpuno pripremljene najbolje prakse, predlo\u0161ke, priru\u010dnike za radionice za obuku trenera, studije slu\u010daja, smjernice za dizajniranje i postupanje s razmi\u0161ljanjem temeljenim na rje\u0161enjima (posebno dizajnersko razmi\u0161ljanje, izrada prototipa, EDU-SCRUM, upravljanje projektima i sprintevi). To je promi\u0161ljena kolekcija s obzirom na unutarnju diferencijaciju i procjenu kolegija sa svrhom uspostavljanja \u017eivog ekosustava znanja, nove didaktike, izazova i partnera, koji virtualno me\u0111usobno djeluju na stru\u010dnosti i rje\u0161enjima.<\/p>\n<p>Razmjena znanja ima za cilj poticanje virtualne suradnje u me\u0111ukulturalnim timovima. Interakcijske strukture uspostavljene su i testirane u obliku prototipa dizajnerskog razmi\u0161ljanja i podu\u010davanja kao dizajna. Glavni cilj je uspostaviti, odr\u017eavati i stalno pobolj\u0161avati virtualnu suradnju i u\u010denje kori\u0161tenjem najnovijih proizvoda i alata za u\u010denje. Razmjena \u0107e se odvijati (a) unutar institucija i (b) transverzala razmjene stru\u010dnjaka izme\u0111u institucija (tj. profesora ekonomije sa sveu\u010dili\u0161ta i iz srednje \u0161kole). Na ovoj se platformi stvarni \u017eivotni izazovi razmjenjuju i rje\u0161avaju kroz blisku virtualnu\/me\u0111ukulturalnu suradnju izme\u0111u predava\u010da na institucijama i studenata. Kao baza znanja organizacije koja u\u010di, unapre\u0111uje vje\u0161tine suradnje sa svakom misijom projekta ili procesom izrade prototipa (dizajn razmi\u0161ljanje). Predava\u010di i poduze\u0107a bit \u0107e uklju\u010deni kao treneri, dizajneri slu\u010dajeva i scenarija. Studenti \u0107e seimati priliku prijaviti za projekte i pokazati, ne samo svoju motivaciju da se uhvate u ko\u0161tac s izazovom, ve\u0107 i svoju sposobnost izvedbe\/zrelost za virtualnu suradnju u poduzetni\u010dkom okru\u017eenju.<\/p>\n<\/div>\n<\/div>\n<\/div>\n<\/div>\n<\/div>\n<\/div>\n<\/div>\n<p>[\/vc_column_text][\/vc_column][\/vc_row][vc_row css_animation=&#8221;&#8221; row_type=&#8221;row&#8221; use_row_as_full_screen_section=&#8221;no&#8221; type=&#8221;full_width&#8221; angled_section=&#8221;no&#8221; text_align=&#8221;left&#8221; background_image_as_pattern=&#8221;without_pattern&#8221;][vc_column][\/vc_column][\/vc_row]<\/p>\n<\/section>","protected":false},"excerpt":{"rendered":"<p>[vc_row css_animation=&#8221;&#8221; row_type=&#8221;row&#8221; use_row_as_full_screen_section=&#8221;no&#8221; type=&#8221;grid&#8221; angled_section=&#8221;no&#8221; text_align=&#8221;left&#8221; background_image_as_pattern=&#8221;without_pattern&#8221; css=&#8221;.vc_custom_1477990979174{padding-top: 30px !important;padding-bottom: 30px !important;background-color: #ffffff !important;}&#8221;][vc_column width=&#8221;1\/3&#8243;][vc_single_image image=&#8221;553&#8243; img_size=&#8221;&#8221; alignment=&#8221;center&#8221; qode_css_animation=&#8221;&#8221;][\/vc_column][vc_column width=&#8221;1\/3&#8243;][\/vc_column][vc_column width=&#8221;1\/3&#8243;][\/vc_column][\/vc_row][vc_row css_animation=&#8221;&#8221; row_type=&#8221;row&#8221; use_row_as_full_screen_section=&#8221;no&#8221; type=&#8221;grid&#8221; angled_section=&#8221;no&#8221; text_align=&#8221;left&#8221; background_image_as_pattern=&#8221;without_pattern&#8221; css=&#8221;.vc_custom_1477990979174{padding-top: 30px !important;padding-bottom: 30px !important;background-color: #ffffff !important;}&#8221;][vc_column][vc_column_text] Platforma \u0107e biti dizajnirana kao platforma otvorenih obrazovnih resursa,&#8230;<\/p>\n","protected":false},"author":1,"featured_media":0,"parent":0,"menu_order":0,"comment_status":"closed","ping_status":"closed","template":"full_width.php","meta":{"footnotes":""},"class_list":["post-1271","page","type-page","status-publish","hentry"],"_links":{"self":[{"href":"https:\/\/www.virtualskills.eu\/hr\/wp-json\/wp\/v2\/pages\/1271","targetHints":{"allow":["GET"]}}],"collection":[{"href":"https:\/\/www.virtualskills.eu\/hr\/wp-json\/wp\/v2\/pages"}],"about":[{"href":"https:\/\/www.virtualskills.eu\/hr\/wp-json\/wp\/v2\/types\/page"}],"author":[{"embeddable":true,"href":"https:\/\/www.virtualskills.eu\/hr\/wp-json\/wp\/v2\/users\/1"}],"replies":[{"embeddable":true,"href":"https:\/\/www.virtualskills.eu\/hr\/wp-json\/wp\/v2\/comments?post=1271"}],"version-history":[{"count":2,"href":"https:\/\/www.virtualskills.eu\/hr\/wp-json\/wp\/v2\/pages\/1271\/revisions"}],"predecessor-version":[{"id":1273,"href":"https:\/\/www.virtualskills.eu\/hr\/wp-json\/wp\/v2\/pages\/1271\/revisions\/1273"}],"wp:attachment":[{"href":"https:\/\/www.virtualskills.eu\/hr\/wp-json\/wp\/v2\/media?parent=1271"}],"curies":[{"name":"wp","href":"https:\/\/api.w.org\/{rel}","templated":true}]}}