{"id":1279,"date":"2022-12-08T21:27:35","date_gmt":"2022-12-08T21:27:35","guid":{"rendered":"https:\/\/www.virtualskills.eu\/vibes-competence-mapping\/"},"modified":"2023-02-08T09:09:15","modified_gmt":"2023-02-08T09:09:15","slug":"znanje-o-sposobnostima-virtualnog-timskog-rada","status":"publish","type":"page","link":"https:\/\/www.virtualskills.eu\/hr\/znanje-o-sposobnostima-virtualnog-timskog-rada\/","title":{"rendered":"Znanje o sposobnostima virtualnog timskog rada"},"content":{"rendered":"<section class=\"wpb-content-wrapper\"><p>[vc_row css_animation=&#8221;&#8221; row_type=&#8221;row&#8221; use_row_as_full_screen_section=&#8221;no&#8221; type=&#8221;grid&#8221; angled_section=&#8221;no&#8221; text_align=&#8221;left&#8221; background_image_as_pattern=&#8221;without_pattern&#8221; css=&#8221;.vc_custom_1477990979174{padding-top: 30px !important;padding-bottom: 30px !important;background-color: #ffffff !important;}&#8221;][vc_column width=&#8221;1\/3&#8243;][vc_single_image image=&#8221;553&#8243; img_size=&#8221;&#8221; alignment=&#8221;center&#8221; qode_css_animation=&#8221;&#8221;][\/vc_column][vc_column width=&#8221;1\/3&#8243;][\/vc_column][vc_column width=&#8221;1\/3&#8243;][\/vc_column][\/vc_row][vc_row css_animation=&#8221;&#8221; row_type=&#8221;row&#8221; use_row_as_full_screen_section=&#8221;no&#8221; type=&#8221;grid&#8221; angled_section=&#8221;no&#8221; text_align=&#8221;left&#8221; background_image_as_pattern=&#8221;without_pattern&#8221; css=&#8221;.vc_custom_1477990979174{padding-top: 30px !important;padding-bottom: 30px !important;background-color: #ffffff !important;}&#8221;][vc_column][vc_column_text]<\/p>\n<div id=\"comp-kohojt6o\" class=\"_1Q9if _3bcaz\" data-testid=\"richTextElement\">\n<div id=\"comp-kohonn0i1\" class=\"_1Q9if _3bcaz\" data-testid=\"richTextElement\">\n<div id=\"comp-kohp0dri2\" class=\"_1Q9if _3bcaz\" data-testid=\"richTextElement\">\n<div id=\"comp-kohp6qxk2\" class=\"_1Q9if _3bcaz\" data-testid=\"richTextElement\">\n<div id=\"comp-kohqko6d4\" class=\"_1Q9if _3bcaz\" data-testid=\"richTextElement\">\n<p>Znanje o sposobnostima virtualnog timskog rada jo\u0161 je uvijek u ranoj fazi razvoja. Problem s postoje\u0107im resursima znanja je u tome \u0161to se prilikom njihovog\u00a0 generiranja koristi kvantitativni pristup odozgo prema dolje koji ograni\u010dava saznanja o fenomenima vje\u0161tina virtualnog timskog rada potrebnih u budu\u0107nosti. Postoji potreba za aktualnim informacijama koje gledaju u budu\u0107nost jer se digitalne tehnologije, kao i na\u010din na koji se one implementiraju u organizacijske procese s ciljem izgradnje novih poslovnih prilika, brzo mijenjaju.<\/p>\n<p>Iako europski okvir \u201cDigiComp\u201d pru\u017ea op\u0107e razumijevanje potrebnih vje\u0161tina digitalne suradnje, potrebno je sveobuhvatnije i dublje znanje, osobito u razumijevanju mogu\u0107nosti virtualnog timskog rada kao dijela digitalnih poslovnih okru\u017eenja. VIBES \u0107e razviti virtualni okvir za mogu\u0107nosti timskog rada (trenuta\u010dno ne postoji) i metodologiju. Provest \u0107e se kvalitativno istra\u017eivanje za identifikaciju virtualnih vje\u0161tina timskog rada koje \u0107e omogu\u0107iti bolje razumijevanje o tome koje su vje\u0161tine potrebne te kako se one manifestiraju u dana\u0161njem poslovnom okru\u017eenju.<\/p>\n<p>Rezultati ankete omogu\u0107it \u0107e konzorciju kreiranje inovativnog obrazovnog sadr\u017eaja i metodologije za razvoj vje\u0161tina virtualnog timskog rada me\u0111u na\u0161om budu\u0107om radnom snagom za pobolj\u0161anje razvoja novih prekograni\u010dnih poslovnih prilika. Ti rezultati, kao temelj za razvoj iskustava u\u010denja, imaju potencijal iskoristivosti tijekom i nakon projekta od strane dionika i obrazovnih institucija.<\/p>\n<\/div>\n<\/div>\n<\/div>\n<\/div>\n<\/div>\n<p>[\/vc_column_text][\/vc_column][\/vc_row][vc_row css_animation=&#8221;&#8221; row_type=&#8221;row&#8221; use_row_as_full_screen_section=&#8221;no&#8221; type=&#8221;full_width&#8221; angled_section=&#8221;no&#8221; text_align=&#8221;left&#8221; background_image_as_pattern=&#8221;without_pattern&#8221;][vc_column][\/vc_column][\/vc_row]<\/p>\n<\/section>","protected":false},"excerpt":{"rendered":"<p>[vc_row css_animation=&#8221;&#8221; row_type=&#8221;row&#8221; use_row_as_full_screen_section=&#8221;no&#8221; type=&#8221;grid&#8221; angled_section=&#8221;no&#8221; text_align=&#8221;left&#8221; background_image_as_pattern=&#8221;without_pattern&#8221; css=&#8221;.vc_custom_1477990979174{padding-top: 30px !important;padding-bottom: 30px !important;background-color: #ffffff !important;}&#8221;][vc_column width=&#8221;1\/3&#8243;][vc_single_image image=&#8221;553&#8243; img_size=&#8221;&#8221; alignment=&#8221;center&#8221; qode_css_animation=&#8221;&#8221;][\/vc_column][vc_column width=&#8221;1\/3&#8243;][\/vc_column][vc_column width=&#8221;1\/3&#8243;][\/vc_column][\/vc_row][vc_row css_animation=&#8221;&#8221; row_type=&#8221;row&#8221; use_row_as_full_screen_section=&#8221;no&#8221; type=&#8221;grid&#8221; angled_section=&#8221;no&#8221; text_align=&#8221;left&#8221; background_image_as_pattern=&#8221;without_pattern&#8221; css=&#8221;.vc_custom_1477990979174{padding-top: 30px !important;padding-bottom: 30px !important;background-color: #ffffff !important;}&#8221;][vc_column][vc_column_text] Znanje o sposobnostima virtualnog timskog rada jo\u0161 je uvijek&#8230;<\/p>\n","protected":false},"author":1,"featured_media":0,"parent":0,"menu_order":0,"comment_status":"closed","ping_status":"closed","template":"full_width.php","meta":{"footnotes":""},"class_list":["post-1279","page","type-page","status-publish","hentry"],"_links":{"self":[{"href":"https:\/\/www.virtualskills.eu\/hr\/wp-json\/wp\/v2\/pages\/1279","targetHints":{"allow":["GET"]}}],"collection":[{"href":"https:\/\/www.virtualskills.eu\/hr\/wp-json\/wp\/v2\/pages"}],"about":[{"href":"https:\/\/www.virtualskills.eu\/hr\/wp-json\/wp\/v2\/types\/page"}],"author":[{"embeddable":true,"href":"https:\/\/www.virtualskills.eu\/hr\/wp-json\/wp\/v2\/users\/1"}],"replies":[{"embeddable":true,"href":"https:\/\/www.virtualskills.eu\/hr\/wp-json\/wp\/v2\/comments?post=1279"}],"version-history":[{"count":2,"href":"https:\/\/www.virtualskills.eu\/hr\/wp-json\/wp\/v2\/pages\/1279\/revisions"}],"predecessor-version":[{"id":1414,"href":"https:\/\/www.virtualskills.eu\/hr\/wp-json\/wp\/v2\/pages\/1279\/revisions\/1414"}],"wp:attachment":[{"href":"https:\/\/www.virtualskills.eu\/hr\/wp-json\/wp\/v2\/media?parent=1279"}],"curies":[{"name":"wp","href":"https:\/\/api.w.org\/{rel}","templated":true}]}}